{"id":395,"date":"2018-06-13T11:09:47","date_gmt":"2018-06-13T11:09:47","guid":{"rendered":"https:\/\/nigiri.qodeinteractive.com\/?page_id=395"},"modified":"2024-04-23T16:38:16","modified_gmt":"2024-04-23T19:38:16","slug":"restaurantejaponescampinas","status":"publish","type":"page","link":"https:\/\/daykon.com.br\/","title":{"rendered":"Daykon &#8211; Restaurante japon\u00eas Campinas"},"content":{"rendered":"<p>[vc_row][vc_column][rev_slider_vc alias=&#8221;restaurant-home&#8221; enable_paspartu=&#8221;no&#8221;][\/vc_column][\/vc_row][vc_row content_placement=&#8221;middle&#8221; content_text_aligment=&#8221;left&#8221;][vc_column]<div class=\"eltdf-elements-holder   eltdf-two-columns  eltdf-responsive-mode-1024 eltdf-one-column-alignment-left\" ><div class=\"eltdf-eh-item    \"  data-item-class=\"eltdf-eh-custom-3882\" data-1367-1600=\"139px 29px 0px 15px\" data-1025-1366=\"139px 36px 0px 20px\" data-769-1024=\"149px 244px 0px 0px\" data-681-768=\"145px 183px 0px 0px\" data-680=\"149px 59px 0px 0px\">\n\t<div class=\"eltdf-eh-item-inner\">\n\t\t<div class=\"eltdf-eh-item-content eltdf-eh-custom-3882\" style=\"padding: 138px 38px 0px 186px\">\n\t\t\t<div class=\"eltdf-single-image-holder    eltdf-image-center\">\n    <div class=\"eltdf-si-inner\" >\n                                    <img loading=\"lazy\" decoding=\"async\" width=\"750\" height=\"485\" src=\"https:\/\/daykon.com.br\/wp-content\/uploads\/2024\/04\/a-la-carte-daykon-site.png\" class=\"attachment-full size-full\" alt=\"\" srcset=\"https:\/\/daykon.com.br\/wp-content\/uploads\/2024\/04\/a-la-carte-daykon-site.png 750w, https:\/\/daykon.com.br\/wp-content\/uploads\/2024\/04\/a-la-carte-daykon-site-300x194.png 300w\" sizes=\"(max-width: 750px) 100vw, 750px\" \/>                        <\/div>\n<\/div>\t\t<\/div>\n\t<\/div>\n<\/div><div class=\"eltdf-eh-item    \"  data-item-class=\"eltdf-eh-custom-3159\" data-1367-1600=\"195px 331px 96px 0px\" data-1025-1366=\"102px 256px 0px 0px\" data-769-1024=\"32px 499px 0px 135px\" data-681-768=\"41px 303px 0px 75px\" data-680=\"57px 15px 0px 15px\">\n\t<div class=\"eltdf-eh-item-inner\">\n\t\t<div class=\"eltdf-eh-item-content eltdf-eh-custom-3159\" style=\"padding: 97px 540px 0px 0px\">\n\t\t\t<div class=\"eltdf-section-title-holder   eltdf-position-left\" style=\"text-align: left\">\n\t\t<div class=\"eltdf-st-inner\">\n\t\t\t\t\t<h6 class=\"eltdf-st-subtitle\" >\n\t\t\t\tPresente em todos os momentos!\t\t\t<\/h6>\n\t\t\t\t\t\t\t<h1 class=\"eltdf-st-title\" >\n\t\t\t\tSUSHIS\t\t\t<\/h1>\n\t\t\t\t\t\t\t\t\t<p class=\"eltdf-st-text\" >\n\t\t\t\tOs mais procurados e apreciados por todos. Trabalhamos com sushis dos mais cl\u00e1ssicos at\u00e9 os mais sofisticados e adaptados para a culin\u00e1ria brasileira.\t\t\t<\/p>\n\t\t\t\t<a itemprop=\"url\" href=\"https:\/\/nigiri.qodeinteractive.com\/menu\/\" target=\"_self\"  class=\"eltdf-btn eltdf-btn-small eltdf-btn-outline eltdf-section-title-button eltdf-has-hover-animation\"  >    <span class=\"eltdf-btn-text\">View More<\/span>    <\/a>\t<\/div>\n<\/div>\t\t<\/div>\n\t<\/div>\n<\/div><\/div>[\/vc_column][\/vc_row][vc_row content_placement=&#8221;middle&#8221; content_text_aligment=&#8221;right&#8221;][vc_column]<div class=\"eltdf-elements-holder   eltdf-two-columns  eltdf-responsive-mode-1024 eltdf-one-column-alignment-left\" ><div class=\"eltdf-eh-item    \"  data-item-class=\"eltdf-eh-custom-3414\" data-1367-1600=\"158px 0px 96px 331px\" data-1025-1366=\"151px 0px 86px 256px\" data-769-1024=\"138px 135px 0px 500px\" data-681-768=\"167px 74px 0px 300px\" data-680=\"168px 15px 0px 15px\">\n\t<div class=\"eltdf-eh-item-inner\">\n\t\t<div class=\"eltdf-eh-item-content eltdf-eh-custom-3414\" style=\"padding: 150px 0px 96px 575px\">\n\t\t\t<div class=\"eltdf-section-title-holder   eltdf-position-right\" style=\"text-align: right\">\n\t\t<div class=\"eltdf-st-inner\">\n\t\t\t\t\t<h6 class=\"eltdf-st-subtitle\" >\n\t\t\t\tOs cl\u00e1sicos da culin\u00e1ria oriental.\t\t\t<\/h6>\n\t\t\t\t\t\t\t<h1 class=\"eltdf-st-title\" >\n\t\t\t\tPratos Quentes\t\t\t<\/h1>\n\t\t\t\t\t\t\t\t\t<p class=\"eltdf-st-text\" >\n\t\t\t\tPara deixar sua refei\u00e7\u00e3o mais completa trabalhamos com os pratos cl\u00e1ssicos da culin\u00e1ria japonesa como yakisoba, guioza, hot holl, tempura e muito mais.\t\t\t<\/p>\n\t\t\t\t<a itemprop=\"url\" href=\"https:\/\/nigiri.qodeinteractive.com\/menu\/\" target=\"_self\"  class=\"eltdf-btn eltdf-btn-small eltdf-btn-outline eltdf-section-title-button eltdf-has-hover-animation\"  >    <span class=\"eltdf-btn-text\">View More<\/span>    <\/a>\t<\/div>\n<\/div>\t\t<\/div>\n\t<\/div>\n<\/div><div class=\"eltdf-eh-item   eltdf-horizontal-alignment-right \"  data-item-class=\"eltdf-eh-custom-6652\" data-1367-1600=\"13px 127px 0px 62px\" data-1025-1366=\"45px 132px 27px 70px\" data-769-1024=\"0px 159px 0px 265px\" data-681-768=\"0px 98px 4px 199px\" data-680=\"42px 34px 0px 80px\">\n\t<div class=\"eltdf-eh-item-inner\">\n\t\t<div class=\"eltdf-eh-item-content eltdf-eh-custom-6652\" style=\"padding: 0px 144px 0px 0px\">\n\t\t\t<div class=\"eltdf-single-image-holder    eltdf-image-center\">\n    <div class=\"eltdf-si-inner\" >\n                                    <img loading=\"lazy\" decoding=\"async\" width=\"750\" height=\"485\" src=\"https:\/\/daykon.com.br\/wp-content\/uploads\/2024\/04\/yakisoba-site.png\" class=\"attachment-full size-full\" alt=\"\" srcset=\"https:\/\/daykon.com.br\/wp-content\/uploads\/2024\/04\/yakisoba-site.png 750w, https:\/\/daykon.com.br\/wp-content\/uploads\/2024\/04\/yakisoba-site-300x194.png 300w\" sizes=\"(max-width: 750px) 100vw, 750px\" \/>                        <\/div>\n<\/div>\t\t<\/div>\n\t<\/div>\n<\/div><\/div>[\/vc_column][\/vc_row][vc_row content_placement=&#8221;middle&#8221; disable_background_image=&#8221;&#8221; content_text_aligment=&#8221;center&#8221; simple_background_image=&#8221;5049&#8243; parallax_background_image=&#8221;5049&#8243;][vc_column][vc_single_image image=&#8221;4436&#8243; img_size=&#8221;full&#8221; alignment=&#8221;center&#8221;][\/vc_column][\/vc_row][vc_row content_placement=&#8221;middle&#8221; content_text_aligment=&#8221;center&#8221;][vc_column][vc_widget_sidebar sidebar_id=&#8221;instagram-content-bottom&#8221;][\/vc_column][\/vc_row]<\/p>\n","protected":false},"excerpt":{"rendered":"<p>[vc_row][vc_column][rev_slider_vc alias=&#8221;restaurant-home&#8221; enable_paspartu=&#8221;no&#8221;][\/vc_column][\/vc_row][vc_row content_placement=&#8221;middle&#8221; content_text_aligment=&#8221;left&#8221;][vc_column][\/vc_column][\/vc_row][vc_row content_placement=&#8221;middle&#8221; content_text_aligment=&#8221;right&#8221;][vc_column][\/vc_column][\/vc_row][vc_row content_placement=&#8221;middle&#8221; disable_background_image=&#8221;&#8221; content_text_aligment=&#8221;center&#8221; simple_background_image=&#8221;5049&#8243; parallax_background_image=&#8221;5049&#8243;][vc_column][vc_single_image image=&#8221;4436&#8243; img_size=&#8221;full&#8221; alignment=&#8221;center&#8221;][\/vc_column][\/vc_row][vc_row content_placement=&#8221;middle&#8221; content_text_aligment=&#8221;center&#8221;][vc_column][vc_widget_sidebar sidebar_id=&#8221;instagram-content-bottom&#8221;][\/vc_column][\/vc_row]<\/p>\n","protected":false},"author":1,"featured_media":0,"parent":0,"menu_order":0,"comment_status":"closed","ping_status":"closed","template":"full-width.php","meta":{"footnotes":""},"_links":{"self":[{"href":"https:\/\/daykon.com.br\/index.php\/wp-json\/wp\/v2\/pages\/395"}],"collection":[{"href":"https:\/\/daykon.com.br\/index.php\/wp-json\/wp\/v2\/pages"}],"about":[{"href":"https:\/\/daykon.com.br\/index.php\/wp-json\/wp\/v2\/types\/page"}],"author":[{"embeddable":true,"href":"https:\/\/daykon.com.br\/index.php\/wp-json\/wp\/v2\/users\/1"}],"replies":[{"embeddable":true,"href":"https:\/\/daykon.com.br\/index.php\/wp-json\/wp\/v2\/comments?post=395"}],"version-history":[{"count":15,"href":"https:\/\/daykon.com.br\/index.php\/wp-json\/wp\/v2\/pages\/395\/revisions"}],"predecessor-version":[{"id":5075,"href":"https:\/\/daykon.com.br\/index.php\/wp-json\/wp\/v2\/pages\/395\/revisions\/5075"}],"wp:attachment":[{"href":"https:\/\/daykon.com.br\/index.php\/wp-json\/wp\/v2\/media?parent=395"}],"curies":[{"name":"wp","href":"https:\/\/api.w.org\/{rel}","templated":true}]}}